{"id":4053,"date":"2023-12-06T13:15:11","date_gmt":"2023-12-06T12:15:11","guid":{"rendered":"https:\/\/djinnyvincent.com\/?page_id=4053"},"modified":"2026-02-28T18:40:08","modified_gmt":"2026-02-28T17:40:08","slug":"mes-interventions-scolaires-ou-en-librairie","status":"publish","type":"page","link":"https:\/\/djinnyvincent.com\/?page_id=4053","title":{"rendered":"Mes interventions scolaires , librairie ou m\u00e9diath\u00e8que"},"content":{"rendered":"\n<figure class=\"wp-block-image size-large\"><img loading=\"lazy\" decoding=\"async\" width=\"1024\" height=\"1024\" src=\"https:\/\/djinnyvincent.com\/wp-content\/uploads\/2024\/07\/ecole-1024x1024.jpg\" alt=\"\" class=\"wp-image-4235\" srcset=\"https:\/\/djinnyvincent.com\/wp-content\/uploads\/2024\/07\/ecole-1024x1024.jpg 1024w, https:\/\/djinnyvincent.com\/wp-content\/uploads\/2024\/07\/ecole-300x300.jpg 300w, https:\/\/djinnyvincent.com\/wp-content\/uploads\/2024\/07\/ecole-150x150.jpg 150w, https:\/\/djinnyvincent.com\/wp-content\/uploads\/2024\/07\/ecole-768x767.jpg 768w, https:\/\/djinnyvincent.com\/wp-content\/uploads\/2024\/07\/ecole.jpg 1074w\" sizes=\"auto, (max-width: 1024px) 100vw, 1024px\" \/><figcaption class=\"wp-element-caption\">intervention en classe Ce1\/Ce2 en r\u00e9sidence radiophonique sur le th\u00e8me de la Mer 2024<\/figcaption><\/figure>\n\n\n\n<p><strong>Vous d\u00e9sirez d\u00e9velopper un projet autour du livre, dans les classes de votre \u00e9tablissement.<\/strong><\/p>\n\n\n\n<p><strong>En tant qu&#8217;autrice de livres jeunesse, je peux vous accompagner dans ce projet :<\/strong><\/p>\n\n\n\n<p>diff\u00e9rents th\u00e8mes sont possibles, autour de l&#8217;amiti\u00e9, la diff\u00e9rence, l\u2019environnement, la pollution plastique, les traditions, les f\u00eates, etc&#8230;<\/p>\n\n\n\n<p>N&#8217;h\u00e9sitez pas \u00e0 me contacter pour imaginer et adapter ensemble, cette prochaine aventure autour de l&#8217;\u00e9criture cr\u00e9ative.<\/p>\n\n\n\n<p>Je vous propose \u00e9galement des rencontres scolaires avec les plus jeunes, sur le th\u00e8me de l\u2019environnement ou de la Camargue.<\/p>\n\n\n\n<p>Possibilit\u00e9 de rencontres et d&#8217;atelier cr\u00e9atif de la Maternelle jusqu&#8217;en primaire et \u00e9galement en coll\u00e8ge\/lyc\u00e9e.<\/p>\n\n\n\n<p>Possibilit\u00e9 \u00e9galement de rencontres autour de mon m\u00e9tier d&#8217;autrice, de la cha\u00eene du livre et du concept de cr\u00e9ation d\u2019histoire \u00e0 partir d&#8217;objet.<\/p>\n\n\n\n<p>Mes tarifs sont ceux de  <a href=\"https:\/\/www.la-charte.fr\/\">La Charte des auteurs et des illustrateurs pour la jeunesse <\/a>et des possibilit\u00e9s de financements existent.<\/p>\n\n\n\n<p>Possibilit\u00e9 de mettre \u00e9galement en place un atelier lors d&#8217;une d\u00e9dicace en librairie ou salon .<\/p>\n\n\n\n<p><strong>Contactez -moi pour tout renseignement pour une animation d&#8217; atelier d&#8217;\u00e9criture cr\u00e9ative jeunesse, en milieu scolaire ou m\u00e9diath\u00e8que, salon litt\u00e9raire ou librairie .<\/strong><\/p>\n\n\n\n<p class=\"has-text-align-center\"><strong>djinnyvincent [at] gmail.com<\/strong><\/p>\n\n\n\n<p>Je vous r\u00e9pondrai avec grand plaisir. <img loading=\"lazy\" decoding=\"async\" height=\"16\" width=\"16\" src=\"https:\/\/static.xx.fbcdn.net\/images\/emoji.php\/v9\/t57\/1\/16\/1f609.png\" alt=\"\ud83d\ude09\"><\/p>\n\n\n\n<p><em>quelques exemples d&#8217;ateliers d&#8217;\u00e9criture cr\u00e9ative <\/em> et <a href=\"https:\/\/djinnyvincent.com\/?p=4446\">un article ici <\/a><\/p>\n\n\n\n<p><\/p>\n\n\n\n<p><\/p>\n\n\n\n<figure class=\"wp-block-image size-large\"><img loading=\"lazy\" decoding=\"async\" width=\"1024\" height=\"1024\" src=\"https:\/\/djinnyvincent.com\/wp-content\/uploads\/2022\/10\/3-1-1024x1024.png\" alt=\"\" class=\"wp-image-3568\" srcset=\"https:\/\/djinnyvincent.com\/wp-content\/uploads\/2022\/10\/3-1-1024x1024.png 1024w, https:\/\/djinnyvincent.com\/wp-content\/uploads\/2022\/10\/3-1-300x300.png 300w, https:\/\/djinnyvincent.com\/wp-content\/uploads\/2022\/10\/3-1-150x150.png 150w, https:\/\/djinnyvincent.com\/wp-content\/uploads\/2022\/10\/3-1-768x768.png 768w, https:\/\/djinnyvincent.com\/wp-content\/uploads\/2022\/10\/3-1.png 1080w\" sizes=\"auto, (max-width: 1024px) 100vw, 1024px\" \/><figcaption class=\"wp-element-caption\">Animation cr\u00e9ation d&#8217;un Conte Timbr\u00e9s avec le public , La Ciotat, <\/figcaption><\/figure>\n\n\n\n<p><\/p>\n\n\n\n<p>quelques exemples  de cr\u00e9ation mis en ligne : <\/p>\n\n\n\n<figure class=\"wp-block-gallery has-nested-images columns-default is-cropped wp-block-gallery-1 is-layout-flex wp-block-gallery-is-layout-flex\">\n<figure class=\"wp-block-image size-large\"><img loading=\"lazy\" decoding=\"async\" width=\"1024\" height=\"1024\" data-id=\"1551\" src=\"https:\/\/djinnyvincent.com\/wp-content\/uploads\/2021\/07\/01-Le-Bonnet-de-Charlie-1024x1024.png\" alt=\"\" class=\"wp-image-1551\" srcset=\"https:\/\/djinnyvincent.com\/wp-content\/uploads\/2021\/07\/01-Le-Bonnet-de-Charlie-1024x1024.png 1024w, https:\/\/djinnyvincent.com\/wp-content\/uploads\/2021\/07\/01-Le-Bonnet-de-Charlie-300x300.png 300w, https:\/\/djinnyvincent.com\/wp-content\/uploads\/2021\/07\/01-Le-Bonnet-de-Charlie-150x150.png 150w, https:\/\/djinnyvincent.com\/wp-content\/uploads\/2021\/07\/01-Le-Bonnet-de-Charlie-768x768.png 768w, https:\/\/djinnyvincent.com\/wp-content\/uploads\/2021\/07\/01-Le-Bonnet-de-Charlie.png 1080w\" sizes=\"auto, (max-width: 1024px) 100vw, 1024px\" \/><\/figure>\n\n\n\n<figure class=\"wp-block-image size-large\"><img loading=\"lazy\" decoding=\"async\" width=\"1024\" height=\"1024\" data-id=\"1552\" src=\"https:\/\/djinnyvincent.com\/wp-content\/uploads\/2021\/07\/retour-datelier-1-1024x1024.png\" alt=\"\" class=\"wp-image-1552\" srcset=\"https:\/\/djinnyvincent.com\/wp-content\/uploads\/2021\/07\/retour-datelier-1-1024x1024.png 1024w, https:\/\/djinnyvincent.com\/wp-content\/uploads\/2021\/07\/retour-datelier-1-300x300.png 300w, https:\/\/djinnyvincent.com\/wp-content\/uploads\/2021\/07\/retour-datelier-1-150x150.png 150w, https:\/\/djinnyvincent.com\/wp-content\/uploads\/2021\/07\/retour-datelier-1-768x768.png 768w, https:\/\/djinnyvincent.com\/wp-content\/uploads\/2021\/07\/retour-datelier-1.png 1080w\" sizes=\"auto, (max-width: 1024px) 100vw, 1024px\" \/><\/figure>\n\n\n\n<figure class=\"wp-block-image size-large\"><img loading=\"lazy\" decoding=\"async\" width=\"1024\" height=\"1024\" data-id=\"1664\" src=\"https:\/\/djinnyvincent.com\/wp-content\/uploads\/2021\/08\/Retour-datelier-3-1024x1024.png\" alt=\"\" class=\"wp-image-1664\" srcset=\"https:\/\/djinnyvincent.com\/wp-content\/uploads\/2021\/08\/Retour-datelier-3-1024x1024.png 1024w, https:\/\/djinnyvincent.com\/wp-content\/uploads\/2021\/08\/Retour-datelier-3-300x300.png 300w, https:\/\/djinnyvincent.com\/wp-content\/uploads\/2021\/08\/Retour-datelier-3-150x150.png 150w, https:\/\/djinnyvincent.com\/wp-content\/uploads\/2021\/08\/Retour-datelier-3-768x768.png 768w, https:\/\/djinnyvincent.com\/wp-content\/uploads\/2021\/08\/Retour-datelier-3.png 1080w\" sizes=\"auto, (max-width: 1024px) 100vw, 1024px\" \/><\/figure>\n\n\n\n<figure class=\"wp-block-image size-large\"><img loading=\"lazy\" decoding=\"async\" width=\"1024\" height=\"1024\" data-id=\"3565\" src=\"https:\/\/djinnyvincent.com\/wp-content\/uploads\/2022\/10\/INSTA-CRYSTAL-00-1024x1024.png\" alt=\"\" class=\"wp-image-3565\" srcset=\"https:\/\/djinnyvincent.com\/wp-content\/uploads\/2022\/10\/INSTA-CRYSTAL-00-1024x1024.png 1024w, https:\/\/djinnyvincent.com\/wp-content\/uploads\/2022\/10\/INSTA-CRYSTAL-00-300x300.png 300w, https:\/\/djinnyvincent.com\/wp-content\/uploads\/2022\/10\/INSTA-CRYSTAL-00-150x150.png 150w, https:\/\/djinnyvincent.com\/wp-content\/uploads\/2022\/10\/INSTA-CRYSTAL-00-768x768.png 768w, https:\/\/djinnyvincent.com\/wp-content\/uploads\/2022\/10\/INSTA-CRYSTAL-00.png 1080w\" sizes=\"auto, (max-width: 1024px) 100vw, 1024px\" \/><\/figure>\n<\/figure>\n\n\n\n<figure class=\"wp-block-image size-large\"><img loading=\"lazy\" decoding=\"async\" width=\"1024\" height=\"769\" src=\"https:\/\/djinnyvincent.com\/wp-content\/uploads\/2024\/04\/Messenger_creation_2c884411-65c6-49c0-8182-ea8bf7aaf4f9-1024x769.jpeg\" alt=\"\" class=\"wp-image-4188\" srcset=\"https:\/\/djinnyvincent.com\/wp-content\/uploads\/2024\/04\/Messenger_creation_2c884411-65c6-49c0-8182-ea8bf7aaf4f9-1024x769.jpeg 1024w, https:\/\/djinnyvincent.com\/wp-content\/uploads\/2024\/04\/Messenger_creation_2c884411-65c6-49c0-8182-ea8bf7aaf4f9-300x225.jpeg 300w, https:\/\/djinnyvincent.com\/wp-content\/uploads\/2024\/04\/Messenger_creation_2c884411-65c6-49c0-8182-ea8bf7aaf4f9-768x576.jpeg 768w, https:\/\/djinnyvincent.com\/wp-content\/uploads\/2024\/04\/Messenger_creation_2c884411-65c6-49c0-8182-ea8bf7aaf4f9-1536x1153.jpeg 1536w, https:\/\/djinnyvincent.com\/wp-content\/uploads\/2024\/04\/Messenger_creation_2c884411-65c6-49c0-8182-ea8bf7aaf4f9-150x113.jpeg 150w, https:\/\/djinnyvincent.com\/wp-content\/uploads\/2024\/04\/Messenger_creation_2c884411-65c6-49c0-8182-ea8bf7aaf4f9-200x150.jpeg 200w, https:\/\/djinnyvincent.com\/wp-content\/uploads\/2024\/04\/Messenger_creation_2c884411-65c6-49c0-8182-ea8bf7aaf4f9.jpeg 2048w\" sizes=\"auto, (max-width: 1024px) 100vw, 1024px\" \/><figcaption class=\"wp-element-caption\">lecture de conte : Ici avec un  kamishibai ( la maison de Berni )<\/figcaption><\/figure>\n\n\n\n<figure class=\"wp-block-image size-large is-resized\"><img loading=\"lazy\" decoding=\"async\" width=\"678\" height=\"1024\" src=\"https:\/\/djinnyvincent.com\/wp-content\/uploads\/2025\/03\/Screenshot_20250209-145757_Instagram-1-678x1024.jpg\" alt=\"\" class=\"wp-image-4458\" style=\"width:712px;height:auto\" srcset=\"https:\/\/djinnyvincent.com\/wp-content\/uploads\/2025\/03\/Screenshot_20250209-145757_Instagram-1-678x1024.jpg 678w, https:\/\/djinnyvincent.com\/wp-content\/uploads\/2025\/03\/Screenshot_20250209-145757_Instagram-1-199x300.jpg 199w, https:\/\/djinnyvincent.com\/wp-content\/uploads\/2025\/03\/Screenshot_20250209-145757_Instagram-1-99x150.jpg 99w, https:\/\/djinnyvincent.com\/wp-content\/uploads\/2025\/03\/Screenshot_20250209-145757_Instagram-1.jpg 718w\" sizes=\"auto, (max-width: 678px) 100vw, 678px\" \/><figcaption class=\"wp-element-caption\">En Corr\u00e8ze 2025 Foire du livre malemort<\/figcaption><\/figure>\n\n\n\n<figure class=\"wp-block-image size-large\"><img loading=\"lazy\" decoding=\"async\" width=\"1024\" height=\"1024\" src=\"https:\/\/djinnyvincent.com\/wp-content\/uploads\/2026\/02\/malemort-1-1024x1024.jpg\" alt=\"\" class=\"wp-image-4588\" srcset=\"https:\/\/djinnyvincent.com\/wp-content\/uploads\/2026\/02\/malemort-1-1024x1024.jpg 1024w, https:\/\/djinnyvincent.com\/wp-content\/uploads\/2026\/02\/malemort-1-300x300.jpg 300w, https:\/\/djinnyvincent.com\/wp-content\/uploads\/2026\/02\/malemort-1-150x150.jpg 150w, https:\/\/djinnyvincent.com\/wp-content\/uploads\/2026\/02\/malemort-1-768x768.jpg 768w, https:\/\/djinnyvincent.com\/wp-content\/uploads\/2026\/02\/malemort-1.jpg 1080w\" sizes=\"auto, (max-width: 1024px) 100vw, 1024px\" \/><\/figure>\n\n\n\n<p>Avec la classe de  6e 2 segpa de brive la gaillarde -2026<\/p>\n\n\n\n<p><\/p>\n","protected":false},"excerpt":{"rendered":"<p>Vous d\u00e9sirez d\u00e9velopper un projet autour du livre, dans les classes de votre \u00e9tablissement. En tant qu&#8217;autrice de livres jeunesse, je peux vous accompagner dans ce projet : diff\u00e9rents th\u00e8mes sont possibles, autour de l&#8217;amiti\u00e9, la diff\u00e9rence, l\u2019environnement, la pollution plastique, les traditions, les f\u00eates, etc&#8230; N&#8217;h\u00e9sitez pas \u00e0 me&#8230; <a class=\"continue-reading-link\" href=\"https:\/\/djinnyvincent.com\/?page_id=4053\"> Continue reading <span class=\"meta-nav\">&rarr; <\/span><\/a><\/p>\n","protected":false},"author":1,"featured_media":4235,"parent":0,"menu_order":0,"comment_status":"closed","ping_status":"closed","template":"","meta":{"_mi_skip_tracking":false,"_monsterinsights_sitenote_active":false,"_monsterinsights_sitenote_note":"","_monsterinsights_sitenote_category":0,"footnotes":""},"class_list":["post-4053","page","type-page","status-publish","has-post-thumbnail","hentry"],"yoast_head":"<!-- This site is optimized with the Yoast SEO plugin v24.3 - https:\/\/yoast.com\/wordpress\/plugins\/seo\/ -->\n<title>Mes interventions scolaires , librairie ou m\u00e9diath\u00e8que | Djinny Vincent - Autrice en Camargue<\/title>\n<meta name=\"robots\" content=\"index, follow, max-snippet:-1, max-image-preview:large, max-video-preview:-1\" \/>\n<link rel=\"canonical\" href=\"https:\/\/djinnyvincent.com\/?page_id=4053\" \/>\n<meta property=\"og:locale\" content=\"fr_FR\" \/>\n<meta property=\"og:type\" content=\"article\" \/>\n<meta property=\"og:title\" content=\"Mes interventions scolaires , librairie ou m\u00e9diath\u00e8que | Djinny Vincent - Autrice en Camargue\" \/>\n<meta property=\"og:description\" content=\"Vous d\u00e9sirez d\u00e9velopper un projet autour du livre, dans les classes de votre \u00e9tablissement. En tant qu&#8217;autrice de livres jeunesse, je peux vous accompagner dans ce projet : diff\u00e9rents th\u00e8mes sont possibles, autour de l&#8217;amiti\u00e9, la diff\u00e9rence, l\u2019environnement, la pollution plastique, les traditions, les f\u00eates, etc&#8230; N&#8217;h\u00e9sitez pas \u00e0 me... Continue reading &rarr;\" \/>\n<meta property=\"og:url\" content=\"https:\/\/djinnyvincent.com\/?page_id=4053\" \/>\n<meta property=\"og:site_name\" content=\"Djinny Vincent - Autrice en Camargue\" \/>\n<meta property=\"article:modified_time\" content=\"2026-02-28T17:40:08+00:00\" \/>\n<meta property=\"og:image\" content=\"https:\/\/djinnyvincent.com\/wp-content\/uploads\/2024\/07\/ecole.jpg\" \/>\n\t<meta property=\"og:image:width\" content=\"1074\" \/>\n\t<meta property=\"og:image:height\" content=\"1073\" \/>\n\t<meta property=\"og:image:type\" content=\"image\/jpeg\" \/>\n<meta name=\"twitter:card\" content=\"summary_large_image\" \/>\n<meta name=\"twitter:label1\" content=\"Dur\u00e9e de lecture estim\u00e9e\" \/>\n\t<meta name=\"twitter:data1\" content=\"4 minutes\" \/>\n<script type=\"application\/ld+json\" class=\"yoast-schema-graph\">{\"@context\":\"https:\/\/schema.org\",\"@graph\":[{\"@type\":\"WebPage\",\"@id\":\"https:\/\/djinnyvincent.com\/?page_id=4053\",\"url\":\"https:\/\/djinnyvincent.com\/?page_id=4053\",\"name\":\"Mes interventions scolaires , librairie ou m\u00e9diath\u00e8que | Djinny Vincent - Autrice en Camargue\",\"isPartOf\":{\"@id\":\"https:\/\/djinnyvincent.com\/#website\"},\"primaryImageOfPage\":{\"@id\":\"https:\/\/djinnyvincent.com\/?page_id=4053#primaryimage\"},\"image\":{\"@id\":\"https:\/\/djinnyvincent.com\/?page_id=4053#primaryimage\"},\"thumbnailUrl\":\"https:\/\/djinnyvincent.com\/wp-content\/uploads\/2024\/07\/ecole.jpg\",\"datePublished\":\"2023-12-06T12:15:11+00:00\",\"dateModified\":\"2026-02-28T17:40:08+00:00\",\"breadcrumb\":{\"@id\":\"https:\/\/djinnyvincent.com\/?page_id=4053#breadcrumb\"},\"inLanguage\":\"fr-FR\",\"potentialAction\":[{\"@type\":\"ReadAction\",\"target\":[\"https:\/\/djinnyvincent.com\/?page_id=4053\"]}]},{\"@type\":\"ImageObject\",\"inLanguage\":\"fr-FR\",\"@id\":\"https:\/\/djinnyvincent.com\/?page_id=4053#primaryimage\",\"url\":\"https:\/\/djinnyvincent.com\/wp-content\/uploads\/2024\/07\/ecole.jpg\",\"contentUrl\":\"https:\/\/djinnyvincent.com\/wp-content\/uploads\/2024\/07\/ecole.jpg\",\"width\":1074,\"height\":1073},{\"@type\":\"BreadcrumbList\",\"@id\":\"https:\/\/djinnyvincent.com\/?page_id=4053#breadcrumb\",\"itemListElement\":[{\"@type\":\"ListItem\",\"position\":1,\"name\":\"le blog de Djinny Vincent, Auteure jeunesse\",\"item\":\"https:\/\/djinnyvincent.com\/\"},{\"@type\":\"ListItem\",\"position\":2,\"name\":\"Mes interventions scolaires , librairie ou m\u00e9diath\u00e8que\"}]},{\"@type\":\"WebSite\",\"@id\":\"https:\/\/djinnyvincent.com\/#website\",\"url\":\"https:\/\/djinnyvincent.com\/\",\"name\":\"Djinny Vincent -La Bottle \u00e0 djinny\",\"description\":\"les univers de Djinny et Gina VINCENT\",\"publisher\":{\"@id\":\"https:\/\/djinnyvincent.com\/#\/schema\/person\/b3917880bd36ddee1022650a1bdde38e\"},\"potentialAction\":[{\"@type\":\"SearchAction\",\"target\":{\"@type\":\"EntryPoint\",\"urlTemplate\":\"https:\/\/djinnyvincent.com\/?s={search_term_string}\"},\"query-input\":{\"@type\":\"PropertyValueSpecification\",\"valueRequired\":true,\"valueName\":\"search_term_string\"}}],\"inLanguage\":\"fr-FR\"},{\"@type\":[\"Person\",\"Organization\"],\"@id\":\"https:\/\/djinnyvincent.com\/#\/schema\/person\/b3917880bd36ddee1022650a1bdde38e\",\"name\":\"Djinny\",\"image\":{\"@type\":\"ImageObject\",\"inLanguage\":\"fr-FR\",\"@id\":\"https:\/\/djinnyvincent.com\/#\/schema\/person\/image\/\",\"url\":\"https:\/\/secure.gravatar.com\/avatar\/5ffdf20b7839524a7ae741457e92b9c4?s=96&d=monsterid&r=g\",\"contentUrl\":\"https:\/\/secure.gravatar.com\/avatar\/5ffdf20b7839524a7ae741457e92b9c4?s=96&d=monsterid&r=g\",\"caption\":\"Djinny\"},\"logo\":{\"@id\":\"https:\/\/djinnyvincent.com\/#\/schema\/person\/image\/\"},\"sameAs\":[\"http:\/\/djinnyvincent.com\"]}]}<\/script>\n<!-- \/ Yoast SEO plugin. -->","yoast_head_json":{"title":"Mes interventions scolaires , librairie ou m\u00e9diath\u00e8que | Djinny Vincent - Autrice en Camargue","robots":{"index":"index","follow":"follow","max-snippet":"max-snippet:-1","max-image-preview":"max-image-preview:large","max-video-preview":"max-video-preview:-1"},"canonical":"https:\/\/djinnyvincent.com\/?page_id=4053","og_locale":"fr_FR","og_type":"article","og_title":"Mes interventions scolaires , librairie ou m\u00e9diath\u00e8que | Djinny Vincent - Autrice en Camargue","og_description":"Vous d\u00e9sirez d\u00e9velopper un projet autour du livre, dans les classes de votre \u00e9tablissement. En tant qu&#8217;autrice de livres jeunesse, je peux vous accompagner dans ce projet : diff\u00e9rents th\u00e8mes sont possibles, autour de l&#8217;amiti\u00e9, la diff\u00e9rence, l\u2019environnement, la pollution plastique, les traditions, les f\u00eates, etc&#8230; N&#8217;h\u00e9sitez pas \u00e0 me... Continue reading &rarr;","og_url":"https:\/\/djinnyvincent.com\/?page_id=4053","og_site_name":"Djinny Vincent - Autrice en Camargue","article_modified_time":"2026-02-28T17:40:08+00:00","og_image":[{"width":1074,"height":1073,"url":"https:\/\/djinnyvincent.com\/wp-content\/uploads\/2024\/07\/ecole.jpg","type":"image\/jpeg"}],"twitter_card":"summary_large_image","twitter_misc":{"Dur\u00e9e de lecture estim\u00e9e":"4 minutes"},"schema":{"@context":"https:\/\/schema.org","@graph":[{"@type":"WebPage","@id":"https:\/\/djinnyvincent.com\/?page_id=4053","url":"https:\/\/djinnyvincent.com\/?page_id=4053","name":"Mes interventions scolaires , librairie ou m\u00e9diath\u00e8que | Djinny Vincent - Autrice en Camargue","isPartOf":{"@id":"https:\/\/djinnyvincent.com\/#website"},"primaryImageOfPage":{"@id":"https:\/\/djinnyvincent.com\/?page_id=4053#primaryimage"},"image":{"@id":"https:\/\/djinnyvincent.com\/?page_id=4053#primaryimage"},"thumbnailUrl":"https:\/\/djinnyvincent.com\/wp-content\/uploads\/2024\/07\/ecole.jpg","datePublished":"2023-12-06T12:15:11+00:00","dateModified":"2026-02-28T17:40:08+00:00","breadcrumb":{"@id":"https:\/\/djinnyvincent.com\/?page_id=4053#breadcrumb"},"inLanguage":"fr-FR","potentialAction":[{"@type":"ReadAction","target":["https:\/\/djinnyvincent.com\/?page_id=4053"]}]},{"@type":"ImageObject","inLanguage":"fr-FR","@id":"https:\/\/djinnyvincent.com\/?page_id=4053#primaryimage","url":"https:\/\/djinnyvincent.com\/wp-content\/uploads\/2024\/07\/ecole.jpg","contentUrl":"https:\/\/djinnyvincent.com\/wp-content\/uploads\/2024\/07\/ecole.jpg","width":1074,"height":1073},{"@type":"BreadcrumbList","@id":"https:\/\/djinnyvincent.com\/?page_id=4053#breadcrumb","itemListElement":[{"@type":"ListItem","position":1,"name":"le blog de Djinny Vincent, Auteure jeunesse","item":"https:\/\/djinnyvincent.com\/"},{"@type":"ListItem","position":2,"name":"Mes interventions scolaires , librairie ou m\u00e9diath\u00e8que"}]},{"@type":"WebSite","@id":"https:\/\/djinnyvincent.com\/#website","url":"https:\/\/djinnyvincent.com\/","name":"Djinny Vincent -La Bottle \u00e0 djinny","description":"les univers de Djinny et Gina VINCENT","publisher":{"@id":"https:\/\/djinnyvincent.com\/#\/schema\/person\/b3917880bd36ddee1022650a1bdde38e"},"potentialAction":[{"@type":"SearchAction","target":{"@type":"EntryPoint","urlTemplate":"https:\/\/djinnyvincent.com\/?s={search_term_string}"},"query-input":{"@type":"PropertyValueSpecification","valueRequired":true,"valueName":"search_term_string"}}],"inLanguage":"fr-FR"},{"@type":["Person","Organization"],"@id":"https:\/\/djinnyvincent.com\/#\/schema\/person\/b3917880bd36ddee1022650a1bdde38e","name":"Djinny","image":{"@type":"ImageObject","inLanguage":"fr-FR","@id":"https:\/\/djinnyvincent.com\/#\/schema\/person\/image\/","url":"https:\/\/secure.gravatar.com\/avatar\/5ffdf20b7839524a7ae741457e92b9c4?s=96&d=monsterid&r=g","contentUrl":"https:\/\/secure.gravatar.com\/avatar\/5ffdf20b7839524a7ae741457e92b9c4?s=96&d=monsterid&r=g","caption":"Djinny"},"logo":{"@id":"https:\/\/djinnyvincent.com\/#\/schema\/person\/image\/"},"sameAs":["http:\/\/djinnyvincent.com"]}]}},"_links":{"self":[{"href":"https:\/\/djinnyvincent.com\/index.php?rest_route=\/wp\/v2\/pages\/4053","targetHints":{"allow":["GET"]}}],"collection":[{"href":"https:\/\/djinnyvincent.com\/index.php?rest_route=\/wp\/v2\/pages"}],"about":[{"href":"https:\/\/djinnyvincent.com\/index.php?rest_route=\/wp\/v2\/types\/page"}],"author":[{"embeddable":true,"href":"https:\/\/djinnyvincent.com\/index.php?rest_route=\/wp\/v2\/users\/1"}],"replies":[{"embeddable":true,"href":"https:\/\/djinnyvincent.com\/index.php?rest_route=%2Fwp%2Fv2%2Fcomments&post=4053"}],"version-history":[{"count":18,"href":"https:\/\/djinnyvincent.com\/index.php?rest_route=\/wp\/v2\/pages\/4053\/revisions"}],"predecessor-version":[{"id":4603,"href":"https:\/\/djinnyvincent.com\/index.php?rest_route=\/wp\/v2\/pages\/4053\/revisions\/4603"}],"wp:featuredmedia":[{"embeddable":true,"href":"https:\/\/djinnyvincent.com\/index.php?rest_route=\/wp\/v2\/media\/4235"}],"wp:attachment":[{"href":"https:\/\/djinnyvincent.com\/index.php?rest_route=%2Fwp%2Fv2%2Fmedia&parent=4053"}],"curies":[{"name":"wp","href":"https:\/\/api.w.org\/{rel}","templated":true}]}}